{"id":45,"date":"2019-04-26T08:20:15","date_gmt":"2019-04-26T08:20:15","guid":{"rendered":"http:\/\/andresro.cyon.link\/?page_id=45"},"modified":"2026-03-09T07:38:18","modified_gmt":"2026-03-09T07:38:18","slug":"impressum","status":"publish","type":"page","link":"https:\/\/andresroth.ch\/index.php\/impressum\/","title":{"rendered":"Impressum"},"content":{"rendered":"<div class=\"wpb-content-wrapper\"><p>[vc_row css_animation=&#8220;&#8220; row_type=&#8220;row&#8220; use_row_as_full_screen_section=&#8220;no&#8220; type=&#8220;full_width&#8220; angled_section=&#8220;no&#8220; text_align=&#8220;left&#8220; background_image_as_pattern=&#8220;without_pattern&#8220;][vc_column][vc_empty_space height=&#8220;128px&#8220;][vc_column_text]<\/p>\n<h2 style=\"text-align: center;\"><strong>Impressum<\/strong><\/h2>\n<p>[\/vc_column_text][\/vc_column][\/vc_row][vc_row css_animation=&#8220;&#8220; row_type=&#8220;row&#8220; use_row_as_full_screen_section=&#8220;no&#8220; type=&#8220;full_width&#8220; angled_section=&#8220;no&#8220; text_align=&#8220;left&#8220; background_image_as_pattern=&#8220;without_pattern&#8220; z_index=&#8220;&#8220;][vc_column][vc_separator css_animation=&#8220;fadeIn&#8220; type=&#8220;small&#8220; position=&#8220;center&#8220; color=&#8220;#89745a&#8220; thickness=&#8220;0.5px&#8220;][\/vc_column][\/vc_row][vc_row css_animation=&#8220;&#8220; row_type=&#8220;row&#8220; use_row_as_full_screen_section=&#8220;no&#8220; type=&#8220;full_width&#8220; angled_section=&#8220;no&#8220; text_align=&#8220;left&#8220; background_image_as_pattern=&#8220;without_pattern&#8220;][vc_column][vc_empty_space][vc_column_text css=&#8220;&#8220;]<\/p>\n<div class=\"wpb_text_column wpb_content_element \">\n<div class=\"wpb_wrapper\">\n<h4><strong>Verantwortlich<\/strong><\/h4>\n<p><strong>Andres Roth Schreinerei &amp; Zimmerei<\/strong><br \/>\nKirchb\u00fchlstrasse 6<br \/>\nChalet Eigerloch<br \/>\nCH-3818 Grindelwald<\/p>\n<div class=\"wpb_text_column wpb_content_element \">\n<div class=\"wpb_wrapper\">\n<p>+41 79 390 39 93<\/p>\n<p><a href=\"&#x6d;&#97;&#x69;&#x6c;&#116;&#x6f;&#x3a;&#97;&#x6e;&#x64;&#114;&#x65;&#x73;&#64;&#x61;&#x6e;d&#x72;&#101;s&#x72;&#111;t&#x68;&#46;c&#x68;\">&#97;&#x6e;&#100;&#x72;&#101;&#x73;&#64;&#x61;&#110;&#x64;&#114;&#x65;&#115;&#x72;&#111;&#x74;&#104;&#x2e;&#99;&#x68;<\/a><\/p>\n<\/div>\n<\/div>\n<\/div>\n<\/div>\n<p>[\/vc_column_text][vc_empty_space][\/vc_column][\/vc_row][vc_row css_animation=&#8220;&#8220; row_type=&#8220;row&#8220; use_row_as_full_screen_section=&#8220;no&#8220; type=&#8220;full_width&#8220; angled_section=&#8220;no&#8220; text_align=&#8220;left&#8220; background_image_as_pattern=&#8220;without_pattern&#8220;][vc_column][vc_empty_space][vc_column_text]<\/p>\n<div class=\"wpb_text_column wpb_content_element \">\n<div class=\"wpb_wrapper\">\n<h4><strong>Urheberrechte und Bildnachweis<\/strong><\/h4>\n<p>Die durch den Betreiber auf dieser Website erstellten und bereitgestellten Inhalte, Dokumente, Werke und daf\u00fcr verwendeten Materialien unterliegen dem Urheberrecht (Copyright). Das Herunterladen, Drucken und Speichern von Daten dieser Webseite f\u00fcr den ausschlie\u00dflich privaten Gebrauch ist gestattet, dar\u00fcber hinaus gehende Nutzung bedarf unserer ausdr\u00fccklichen Zustimmung. Soweit die Inhalte auf dieser Website nicht vom Betreiber erstellt wurden, werden die Urheberrechte Dritter beachtet. Insbesondere werden Inhalte Dritter als solche gekennzeichnet.<\/p>\n<div class=\"wpb_text_column wpb_content_element \">\n<div class=\"wpb_wrapper\">\n<p>&nbsp;<\/p>\n<\/div>\n<\/div>\n<\/div>\n<\/div>\n<p>[\/vc_column_text][vc_empty_space][\/vc_column][\/vc_row][vc_row css_animation=&#8220;&#8220; row_type=&#8220;row&#8220; use_row_as_full_screen_section=&#8220;no&#8220; type=&#8220;full_width&#8220; angled_section=&#8220;no&#8220; text_align=&#8220;left&#8220; background_image_as_pattern=&#8220;without_pattern&#8220;][vc_column][vc_empty_space][vc_column_text css=&#8220;&#8220;]<\/p>\n<div class=\"wpb_text_column wpb_content_element \">\n<div class=\"wpb_wrapper\">\n<h4><strong>Webseite und Grafiken<\/strong><\/h4>\n<p>Konzeption und Umsetzung der Webseite<\/p>\n<p><strong>Simon Baumann Design<\/strong><br \/>\nSeestrasse 60<br \/>\n3806 B\u00f6nigen<\/p>\n<p><a href=\"https:\/\/simubaumann.ch\" target=\"_blank\" rel=\"noopener\">simubaumann.ch<\/a><\/p>\n<div class=\"wpb_text_column wpb_content_element \">\n<div class=\"wpb_wrapper\">\n<p>&nbsp;<\/p>\n<\/div>\n<\/div>\n<\/div>\n<\/div>\n<p>[\/vc_column_text][vc_empty_space][\/vc_column][\/vc_row][vc_row css_animation=&#8220;&#8220; row_type=&#8220;row&#8220; use_row_as_full_screen_section=&#8220;no&#8220; type=&#8220;full_width&#8220; angled_section=&#8220;no&#8220; text_align=&#8220;left&#8220; background_image_as_pattern=&#8220;without_pattern&#8220;][vc_column][vc_empty_space][vc_column_text]<\/p>\n<div class=\"wpb_text_column wpb_content_element \">\n<div class=\"wpb_wrapper\">\n<h4><strong>Disclaimer<\/strong><\/h4>\n<p>Alle Texte und Links wurden sorgf\u00e4ltig gepr\u00fcft und werden laufend aktualisiert. Wir sind bem\u00fcht, richtige und vollst\u00e4ndige Informationen auf dieser Website bereitzustellen, \u00fcbernehmen aber keinerlei Verantwortung, Garantien oder Haftung daf\u00fcr, dass die durch diese Website bereitgestellten Informationen, richtig, vollst\u00e4ndig oder aktuell sind. Wir behalten uns das Recht vor, jederzeit und ohne Vorank\u00fcndigung die Informationen auf dieser Website zu \u00e4ndern und verpflichten uns auch nicht, die enthaltenen Informationen zu aktualisieren. Alle Links zu externen Anbietern wurden zum Zeitpunkt ihrer Aufnahme auf ihre Richtigkeit \u00fcberpr\u00fcft, dennoch haften wir nicht f\u00fcr Inhalte und Verf\u00fcgbarkeit von Webseiten, die mittels Hyperlinks zu erreichen sind. F\u00fcr illegale, fehlerhafte oder unvollst\u00e4ndige Inhalte und insbesondere f\u00fcr Sch\u00e4den, die durch Inhalte verkn\u00fcpfter Seiten entstehen, haftet allein der Anbieter der Seite, auf welche verwiesen wurde. Dabei ist es gleichg\u00fcltig, ob der Schaden direkter, indirekter oder finanzieller Natur ist oder ein sonstiger Schaden vorliegt, der sich aus Datenverlust, Nutzungsausfall oder anderen Gr\u00fcnden aller Art ergeben k\u00f6nnte.<\/p>\n<div class=\"wpb_text_column wpb_content_element \">\n<div class=\"wpb_wrapper\">\n<p>&nbsp;<\/p>\n<\/div>\n<\/div>\n<\/div>\n<\/div>\n<p>[\/vc_column_text][vc_empty_space height=&#8220;64px&#8220;][\/vc_column][\/vc_row]<\/p>\n<\/div>","protected":false},"excerpt":{"rendered":"<p>[vc_row css_animation=&#8220;&#8220; row_type=&#8220;row&#8220; use_row_as_full_screen_section=&#8220;no&#8220; type=&#8220;full_width&#8220; angled_section=&#8220;no&#8220; text_align=&#8220;left&#8220; background_image_as_pattern=&#8220;without_pattern&#8220;][vc_column][vc_empty_space height=&#8220;128px&#8220;][vc_column_text] Impressum [\/vc_column_text][\/vc_column][\/vc_row][vc_row css_animation=&#8220;&#8220; row_type=&#8220;row&#8220; use_row_as_full_screen_section=&#8220;no&#8220; type=&#8220;full_width&#8220; angled_section=&#8220;no&#8220; text_align=&#8220;left&#8220; background_image_as_pattern=&#8220;without_pattern&#8220; z_index=&#8220;&#8220;][vc_column][vc_separator css_animation=&#8220;fadeIn&#8220; type=&#8220;small&#8220; position=&#8220;center&#8220; color=&#8220;#89745a&#8220; thickness=&#8220;0.5px&#8220;][\/vc_column][\/vc_row][vc_row css_animation=&#8220;&#8220; row_type=&#8220;row&#8220; use_row_as_full_screen_section=&#8220;no&#8220; type=&#8220;full_width&#8220; angled_section=&#8220;no&#8220; text_align=&#8220;left&#8220; background_image_as_pattern=&#8220;without_pattern&#8220;][vc_column][vc_empty_space][vc_column_text css=&#8220;&#8220;] Verantwortlich Andres Roth Schreinerei &amp; Zimmerei Kirchb\u00fchlstrasse 6 Chalet Eigerloch CH-3818 Grindelwald +41&#8230;<\/p>\n","protected":false},"author":1,"featured_media":0,"parent":0,"menu_order":0,"comment_status":"closed","ping_status":"closed","template":"","meta":{"footnotes":""},"class_list":["post-45","page","type-page","status-publish","hentry"],"yoast_head":"<!-- This site is optimized with the Yoast SEO plugin v26.8 - https:\/\/yoast.com\/product\/yoast-seo-wordpress\/ -->\n<title>Impressum - Andres Roth Holzbau<\/title>\n<meta name=\"robots\" content=\"index, follow, max-snippet:-1, max-image-preview:large, max-video-preview:-1\" \/>\n<link rel=\"canonical\" href=\"https:\/\/andresroth.ch\/index.php\/impressum\/\" \/>\n<meta property=\"og:locale\" content=\"de_DE\" \/>\n<meta property=\"og:type\" content=\"article\" \/>\n<meta property=\"og:title\" content=\"Impressum - Andres Roth Holzbau\" \/>\n<meta property=\"og:description\" content=\"[vc_row css_animation=&#8220;&#8220; row_type=&#8220;row&#8220; use_row_as_full_screen_section=&#8220;no&#8220; type=&#8220;full_width&#8220; angled_section=&#8220;no&#8220; text_align=&#8220;left&#8220; background_image_as_pattern=&#8220;without_pattern&#8220;][vc_column][vc_empty_space height=&#8220;128px&#8220;][vc_column_text] Impressum [\/vc_column_text][\/vc_column][\/vc_row][vc_row css_animation=&#8220;&#8220; row_type=&#8220;row&#8220; use_row_as_full_screen_section=&#8220;no&#8220; type=&#8220;full_width&#8220; angled_section=&#8220;no&#8220; text_align=&#8220;left&#8220; background_image_as_pattern=&#8220;without_pattern&#8220; z_index=&#8220;&#8220;][vc_column][vc_separator css_animation=&#8220;fadeIn&#8220; type=&#8220;small&#8220; position=&#8220;center&#8220; color=&#8220;#89745a&#8220; thickness=&#8220;0.5px&#8220;][\/vc_column][\/vc_row][vc_row css_animation=&#8220;&#8220; row_type=&#8220;row&#8220; use_row_as_full_screen_section=&#8220;no&#8220; type=&#8220;full_width&#8220; angled_section=&#8220;no&#8220; text_align=&#8220;left&#8220; background_image_as_pattern=&#8220;without_pattern&#8220;][vc_column][vc_empty_space][vc_column_text css=&#8220;&#8220;] Verantwortlich Andres Roth Schreinerei &amp; Zimmerei Kirchb\u00fchlstrasse 6 Chalet Eigerloch CH-3818 Grindelwald +41...\" \/>\n<meta property=\"og:url\" content=\"https:\/\/andresroth.ch\/index.php\/impressum\/\" \/>\n<meta property=\"og:site_name\" content=\"Andres Roth Holzbau\" \/>\n<meta property=\"article:modified_time\" content=\"2026-03-09T07:38:18+00:00\" \/>\n<meta name=\"twitter:card\" content=\"summary_large_image\" \/>\n<meta name=\"twitter:label1\" content=\"Gesch\u00e4tzte Lesezeit\" \/>\n\t<meta name=\"twitter:data1\" content=\"2\u00a0Minuten\" \/>\n<script type=\"application\/ld+json\" class=\"yoast-schema-graph\">{\"@context\":\"https:\/\/schema.org\",\"@graph\":[{\"@type\":\"WebPage\",\"@id\":\"https:\/\/andresroth.ch\/index.php\/impressum\/\",\"url\":\"https:\/\/andresroth.ch\/index.php\/impressum\/\",\"name\":\"Impressum - Andres Roth Holzbau\",\"isPartOf\":{\"@id\":\"https:\/\/andresroth.ch\/#website\"},\"datePublished\":\"2019-04-26T08:20:15+00:00\",\"dateModified\":\"2026-03-09T07:38:18+00:00\",\"breadcrumb\":{\"@id\":\"https:\/\/andresroth.ch\/index.php\/impressum\/#breadcrumb\"},\"inLanguage\":\"de\",\"potentialAction\":[{\"@type\":\"ReadAction\",\"target\":[\"https:\/\/andresroth.ch\/index.php\/impressum\/\"]}]},{\"@type\":\"BreadcrumbList\",\"@id\":\"https:\/\/andresroth.ch\/index.php\/impressum\/#breadcrumb\",\"itemListElement\":[{\"@type\":\"ListItem\",\"position\":1,\"name\":\"Startseite\",\"item\":\"https:\/\/andresroth.ch\/\"},{\"@type\":\"ListItem\",\"position\":2,\"name\":\"Impressum\"}]},{\"@type\":\"WebSite\",\"@id\":\"https:\/\/andresroth.ch\/#website\",\"url\":\"https:\/\/andresroth.ch\/\",\"name\":\"Andres Roth Holzbau\",\"description\":\"Grindelwald\",\"publisher\":{\"@id\":\"https:\/\/andresroth.ch\/#organization\"},\"potentialAction\":[{\"@type\":\"SearchAction\",\"target\":{\"@type\":\"EntryPoint\",\"urlTemplate\":\"https:\/\/andresroth.ch\/?s={search_term_string}\"},\"query-input\":{\"@type\":\"PropertyValueSpecification\",\"valueRequired\":true,\"valueName\":\"search_term_string\"}}],\"inLanguage\":\"de\"},{\"@type\":\"Organization\",\"@id\":\"https:\/\/andresroth.ch\/#organization\",\"name\":\"Andres Roth Holzbau\",\"url\":\"https:\/\/andresroth.ch\/\",\"logo\":{\"@type\":\"ImageObject\",\"inLanguage\":\"de\",\"@id\":\"https:\/\/andresroth.ch\/#\/schema\/logo\/image\/\",\"url\":\"https:\/\/andresroth.ch\/wp-content\/uploads\/2019\/04\/Andres_Roth_Holzbau_Grindelwald_Logo_Header2.png\",\"contentUrl\":\"https:\/\/andresroth.ch\/wp-content\/uploads\/2019\/04\/Andres_Roth_Holzbau_Grindelwald_Logo_Header2.png\",\"width\":417,\"height\":313,\"caption\":\"Andres Roth Holzbau\"},\"image\":{\"@id\":\"https:\/\/andresroth.ch\/#\/schema\/logo\/image\/\"}}]}<\/script>\n<!-- \/ Yoast SEO plugin. -->","yoast_head_json":{"title":"Impressum - Andres Roth Holzbau","robots":{"index":"index","follow":"follow","max-snippet":"max-snippet:-1","max-image-preview":"max-image-preview:large","max-video-preview":"max-video-preview:-1"},"canonical":"https:\/\/andresroth.ch\/index.php\/impressum\/","og_locale":"de_DE","og_type":"article","og_title":"Impressum - Andres Roth Holzbau","og_description":"[vc_row css_animation=&#8220;&#8220; row_type=&#8220;row&#8220; use_row_as_full_screen_section=&#8220;no&#8220; type=&#8220;full_width&#8220; angled_section=&#8220;no&#8220; text_align=&#8220;left&#8220; background_image_as_pattern=&#8220;without_pattern&#8220;][vc_column][vc_empty_space height=&#8220;128px&#8220;][vc_column_text] Impressum [\/vc_column_text][\/vc_column][\/vc_row][vc_row css_animation=&#8220;&#8220; row_type=&#8220;row&#8220; use_row_as_full_screen_section=&#8220;no&#8220; type=&#8220;full_width&#8220; angled_section=&#8220;no&#8220; text_align=&#8220;left&#8220; background_image_as_pattern=&#8220;without_pattern&#8220; z_index=&#8220;&#8220;][vc_column][vc_separator css_animation=&#8220;fadeIn&#8220; type=&#8220;small&#8220; position=&#8220;center&#8220; color=&#8220;#89745a&#8220; thickness=&#8220;0.5px&#8220;][\/vc_column][\/vc_row][vc_row css_animation=&#8220;&#8220; row_type=&#8220;row&#8220; use_row_as_full_screen_section=&#8220;no&#8220; type=&#8220;full_width&#8220; angled_section=&#8220;no&#8220; text_align=&#8220;left&#8220; background_image_as_pattern=&#8220;without_pattern&#8220;][vc_column][vc_empty_space][vc_column_text css=&#8220;&#8220;] Verantwortlich Andres Roth Schreinerei &amp; Zimmerei Kirchb\u00fchlstrasse 6 Chalet Eigerloch CH-3818 Grindelwald +41...","og_url":"https:\/\/andresroth.ch\/index.php\/impressum\/","og_site_name":"Andres Roth Holzbau","article_modified_time":"2026-03-09T07:38:18+00:00","twitter_card":"summary_large_image","twitter_misc":{"Gesch\u00e4tzte Lesezeit":"2\u00a0Minuten"},"schema":{"@context":"https:\/\/schema.org","@graph":[{"@type":"WebPage","@id":"https:\/\/andresroth.ch\/index.php\/impressum\/","url":"https:\/\/andresroth.ch\/index.php\/impressum\/","name":"Impressum - Andres Roth Holzbau","isPartOf":{"@id":"https:\/\/andresroth.ch\/#website"},"datePublished":"2019-04-26T08:20:15+00:00","dateModified":"2026-03-09T07:38:18+00:00","breadcrumb":{"@id":"https:\/\/andresroth.ch\/index.php\/impressum\/#breadcrumb"},"inLanguage":"de","potentialAction":[{"@type":"ReadAction","target":["https:\/\/andresroth.ch\/index.php\/impressum\/"]}]},{"@type":"BreadcrumbList","@id":"https:\/\/andresroth.ch\/index.php\/impressum\/#breadcrumb","itemListElement":[{"@type":"ListItem","position":1,"name":"Startseite","item":"https:\/\/andresroth.ch\/"},{"@type":"ListItem","position":2,"name":"Impressum"}]},{"@type":"WebSite","@id":"https:\/\/andresroth.ch\/#website","url":"https:\/\/andresroth.ch\/","name":"Andres Roth Holzbau","description":"Grindelwald","publisher":{"@id":"https:\/\/andresroth.ch\/#organization"},"potentialAction":[{"@type":"SearchAction","target":{"@type":"EntryPoint","urlTemplate":"https:\/\/andresroth.ch\/?s={search_term_string}"},"query-input":{"@type":"PropertyValueSpecification","valueRequired":true,"valueName":"search_term_string"}}],"inLanguage":"de"},{"@type":"Organization","@id":"https:\/\/andresroth.ch\/#organization","name":"Andres Roth Holzbau","url":"https:\/\/andresroth.ch\/","logo":{"@type":"ImageObject","inLanguage":"de","@id":"https:\/\/andresroth.ch\/#\/schema\/logo\/image\/","url":"https:\/\/andresroth.ch\/wp-content\/uploads\/2019\/04\/Andres_Roth_Holzbau_Grindelwald_Logo_Header2.png","contentUrl":"https:\/\/andresroth.ch\/wp-content\/uploads\/2019\/04\/Andres_Roth_Holzbau_Grindelwald_Logo_Header2.png","width":417,"height":313,"caption":"Andres Roth Holzbau"},"image":{"@id":"https:\/\/andresroth.ch\/#\/schema\/logo\/image\/"}}]}},"_links":{"self":[{"href":"https:\/\/andresroth.ch\/index.php\/wp-json\/wp\/v2\/pages\/45","targetHints":{"allow":["GET"]}}],"collection":[{"href":"https:\/\/andresroth.ch\/index.php\/wp-json\/wp\/v2\/pages"}],"about":[{"href":"https:\/\/andresroth.ch\/index.php\/wp-json\/wp\/v2\/types\/page"}],"author":[{"embeddable":true,"href":"https:\/\/andresroth.ch\/index.php\/wp-json\/wp\/v2\/users\/1"}],"replies":[{"embeddable":true,"href":"https:\/\/andresroth.ch\/index.php\/wp-json\/wp\/v2\/comments?post=45"}],"version-history":[{"count":7,"href":"https:\/\/andresroth.ch\/index.php\/wp-json\/wp\/v2\/pages\/45\/revisions"}],"predecessor-version":[{"id":248,"href":"https:\/\/andresroth.ch\/index.php\/wp-json\/wp\/v2\/pages\/45\/revisions\/248"}],"wp:attachment":[{"href":"https:\/\/andresroth.ch\/index.php\/wp-json\/wp\/v2\/media?parent=45"}],"curies":[{"name":"wp","href":"https:\/\/api.w.org\/{rel}","templated":true}]}}