{"id":27,"date":"2019-04-26T06:17:02","date_gmt":"2019-04-26T06:17:02","guid":{"rendered":"http:\/\/andresro.cyon.link\/?page_id=27"},"modified":"2023-08-25T08:56:56","modified_gmt":"2023-08-25T08:56:56","slug":"kontakt","status":"publish","type":"page","link":"https:\/\/andresroth.ch\/index.php\/kontakt\/","title":{"rendered":"Kontakt"},"content":{"rendered":"<div class=\"wpb-content-wrapper\"><p>[vc_row css_animation=&#8220;&#8220; row_type=&#8220;row&#8220; use_row_as_full_screen_section=&#8220;no&#8220; type=&#8220;full_width&#8220; angled_section=&#8220;no&#8220; text_align=&#8220;left&#8220; background_image_as_pattern=&#8220;without_pattern&#8220;][vc_column]<div class='google_map_shortcode_holder' style='height:600px;'><div class='qode_google_map' style='height:600px;' id='map_canvas_20337' data-addresses='[\"Kirchb\u00fchlstrasse 6, Chalet Eigerloch, 3818 Grindelwald\"]' data-custom-map-style='false' data-color-overlay='#393939' data-saturation='-100' data-lightness='-60' data-zoom='15' data-pin='https:\/\/andresroth.ch\/wp-content\/uploads\/2023\/08\/pin.png' data-unique-id='20337' data-google-maps-scroll-wheel='false' data-snazzy-map-style='no' data-map-height='600'><\/div><div class='google_map_shortcode_overlay'><\/div><\/div>[\/vc_column][\/vc_row][vc_row css_animation=&#8220;&#8220; row_type=&#8220;row&#8220; use_row_as_full_screen_section=&#8220;no&#8220; type=&#8220;full_width&#8220; angled_section=&#8220;no&#8220; text_align=&#8220;left&#8220; background_image_as_pattern=&#8220;without_pattern&#8220;][vc_column][vc_empty_space height=&#8220;64px&#8220;][vc_column_text]<\/p>\n<h2 style=\"text-align: center;\"><strong>Kontakt<\/strong><\/h2>\n<p>[\/vc_column_text][\/vc_column][\/vc_row][vc_row css_animation=&#8220;&#8220; row_type=&#8220;row&#8220; use_row_as_full_screen_section=&#8220;no&#8220; type=&#8220;full_width&#8220; angled_section=&#8220;no&#8220; text_align=&#8220;left&#8220; background_image_as_pattern=&#8220;without_pattern&#8220; z_index=&#8220;&#8220;][vc_column][vc_separator css_animation=&#8220;fadeIn&#8220; type=&#8220;small&#8220; position=&#8220;center&#8220; color=&#8220;#89745a&#8220; thickness=&#8220;0.5px&#8220;][vc_empty_space][\/vc_column][\/vc_row][vc_row css_animation=&#8220;&#8220; row_type=&#8220;row&#8220; use_row_as_full_screen_section=&#8220;no&#8220; type=&#8220;full_width&#8220; angled_section=&#8220;no&#8220; text_align=&#8220;left&#8220; background_image_as_pattern=&#8220;without_pattern&#8220;][vc_column width=&#8220;2\/3&#8243;][vc_single_image image=&#8220;106&#8243; img_size=&#8220;full&#8220; alignment=&#8220;right&#8220; qode_css_animation=&#8220;&#8220;][\/vc_column][vc_column width=&#8220;1\/3&#8243;][vc_empty_space height=&#8220;96px&#8220;][vc_column_text]<\/p>\n<h4 style=\"text-align: left;\">Andres Roth Holzbau<\/h4>\n<p>[\/vc_column_text][vc_empty_space height=&#8220;16px&#8220;][vc_column_text]Kirchb\u00fchlstrasse 6<br \/>\nChalet Eigerloch<br \/>\nCH-3818 Grindelwald[\/vc_column_text][vc_empty_space height=&#8220;16px&#8220;][vc_column_text]+41 79 390 39 93<\/p>\n<p style=\"text-align: left;\"><a href=\"&#x6d;&#97;i&#x6c;&#116;o&#x3a;&#97;n&#x64;&#x72;&#101;&#x73;&#x40;&#97;n&#x64;&#114;e&#x73;&#114;o&#x74;&#x68;&#46;&#x63;&#x68;\" target=\"_blank\" rel=\"noopener noreferrer\">&#97;&#110;&#x64;r&#101;&#x73;&#x40;a&#110;&#x64;&#x72;e&#115;&#x72;o&#116;&#x68;&#x2e;c&#104;<\/a><\/p>\n<p>[\/vc_column_text][vc_empty_space][\/vc_column][\/vc_row][vc_row css_animation=&#8220;&#8220; row_type=&#8220;row&#8220; use_row_as_full_screen_section=&#8220;no&#8220; type=&#8220;full_width&#8220; angled_section=&#8220;no&#8220; text_align=&#8220;left&#8220; background_image_as_pattern=&#8220;without_pattern&#8220;][vc_column][vc_empty_space height=&#8220;64px&#8220;][\/vc_column][\/vc_row]<\/p>\n<\/div>","protected":false},"excerpt":{"rendered":"<p>[vc_row css_animation=&#8220;&#8220; row_type=&#8220;row&#8220; use_row_as_full_screen_section=&#8220;no&#8220; type=&#8220;full_width&#8220; angled_section=&#8220;no&#8220; text_align=&#8220;left&#8220; background_image_as_pattern=&#8220;without_pattern&#8220;][vc_column][\/vc_column][\/vc_row][vc_row css_animation=&#8220;&#8220; row_type=&#8220;row&#8220; use_row_as_full_screen_section=&#8220;no&#8220; type=&#8220;full_width&#8220; angled_section=&#8220;no&#8220; text_align=&#8220;left&#8220; background_image_as_pattern=&#8220;without_pattern&#8220;][vc_column][vc_empty_space height=&#8220;64px&#8220;][vc_column_text] Kontakt [\/vc_column_text][\/vc_column][\/vc_row][vc_row css_animation=&#8220;&#8220; row_type=&#8220;row&#8220; use_row_as_full_screen_section=&#8220;no&#8220; type=&#8220;full_width&#8220; angled_section=&#8220;no&#8220; text_align=&#8220;left&#8220; background_image_as_pattern=&#8220;without_pattern&#8220; z_index=&#8220;&#8220;][vc_column][vc_separator css_animation=&#8220;fadeIn&#8220; type=&#8220;small&#8220; position=&#8220;center&#8220; color=&#8220;#89745a&#8220; thickness=&#8220;0.5px&#8220;][vc_empty_space][\/vc_column][\/vc_row][vc_row css_animation=&#8220;&#8220; row_type=&#8220;row&#8220; use_row_as_full_screen_section=&#8220;no&#8220; type=&#8220;full_width&#8220; angled_section=&#8220;no&#8220; text_align=&#8220;left&#8220; background_image_as_pattern=&#8220;without_pattern&#8220;][vc_column width=&#8220;2\/3&#8243;][vc_single_image image=&#8220;106&#8243; img_size=&#8220;full&#8220; alignment=&#8220;right&#8220; qode_css_animation=&#8220;&#8220;][\/vc_column][vc_column width=&#8220;1\/3&#8243;][vc_empty_space height=&#8220;96px&#8220;][vc_column_text]&#8230;<\/p>\n","protected":false},"author":1,"featured_media":0,"parent":0,"menu_order":0,"comment_status":"closed","ping_status":"closed","template":"full_width.php","meta":{"footnotes":""},"class_list":["post-27","page","type-page","status-publish","hentry"],"yoast_head":"<!-- This site is optimized with the Yoast SEO plugin v26.8 - https:\/\/yoast.com\/product\/yoast-seo-wordpress\/ -->\n<title>Kontakt - Andres Roth Holzbau<\/title>\n<meta name=\"description\" content=\"Unser kleiner Familienbetrieb aus Grindelwald ist es gewohnt und bestens darauf vorbereitet, Ihre W\u00fcnsche zu realisieren.Individuelle L\u00f6sungen sind unsere Spezialit\u00e4t! Wir freuen uns, Ihren ganz speziellen Auftrag auszuf\u00fchren und sichern Ihnen unser Knowhow und ganz viel Herzblut mit dazu\u2026\" \/>\n<meta name=\"robots\" content=\"index, follow, max-snippet:-1, max-image-preview:large, max-video-preview:-1\" \/>\n<link rel=\"canonical\" href=\"https:\/\/andresroth.ch\/index.php\/kontakt\/\" \/>\n<meta property=\"og:locale\" content=\"de_DE\" \/>\n<meta property=\"og:type\" content=\"article\" \/>\n<meta property=\"og:title\" content=\"Kontakt - Andres Roth Holzbau\" \/>\n<meta property=\"og:description\" content=\"Unser kleiner Familienbetrieb aus Grindelwald ist es gewohnt und bestens darauf vorbereitet, Ihre W\u00fcnsche zu realisieren.Individuelle L\u00f6sungen sind unsere Spezialit\u00e4t! Wir freuen uns, Ihren ganz speziellen Auftrag auszuf\u00fchren und sichern Ihnen unser Knowhow und ganz viel Herzblut mit dazu\u2026\" \/>\n<meta property=\"og:url\" content=\"https:\/\/andresroth.ch\/index.php\/kontakt\/\" \/>\n<meta property=\"og:site_name\" content=\"Andres Roth Holzbau\" \/>\n<meta property=\"article:modified_time\" content=\"2023-08-25T08:56:56+00:00\" \/>\n<meta name=\"twitter:card\" content=\"summary_large_image\" \/>\n<meta name=\"twitter:label1\" content=\"Gesch\u00e4tzte Lesezeit\" \/>\n\t<meta name=\"twitter:data1\" content=\"1\u00a0Minute\" \/>\n<script type=\"application\/ld+json\" class=\"yoast-schema-graph\">{\"@context\":\"https:\/\/schema.org\",\"@graph\":[{\"@type\":\"WebPage\",\"@id\":\"https:\/\/andresroth.ch\/index.php\/kontakt\/\",\"url\":\"https:\/\/andresroth.ch\/index.php\/kontakt\/\",\"name\":\"Kontakt - Andres Roth Holzbau\",\"isPartOf\":{\"@id\":\"https:\/\/andresroth.ch\/#website\"},\"datePublished\":\"2019-04-26T06:17:02+00:00\",\"dateModified\":\"2023-08-25T08:56:56+00:00\",\"description\":\"Unser kleiner Familienbetrieb aus Grindelwald ist es gewohnt und bestens darauf vorbereitet, Ihre W\u00fcnsche zu realisieren.Individuelle L\u00f6sungen sind unsere Spezialit\u00e4t! Wir freuen uns, Ihren ganz speziellen Auftrag auszuf\u00fchren und sichern Ihnen unser Knowhow und ganz viel Herzblut mit dazu\u2026\",\"breadcrumb\":{\"@id\":\"https:\/\/andresroth.ch\/index.php\/kontakt\/#breadcrumb\"},\"inLanguage\":\"de\",\"potentialAction\":[{\"@type\":\"ReadAction\",\"target\":[\"https:\/\/andresroth.ch\/index.php\/kontakt\/\"]}]},{\"@type\":\"BreadcrumbList\",\"@id\":\"https:\/\/andresroth.ch\/index.php\/kontakt\/#breadcrumb\",\"itemListElement\":[{\"@type\":\"ListItem\",\"position\":1,\"name\":\"Startseite\",\"item\":\"https:\/\/andresroth.ch\/\"},{\"@type\":\"ListItem\",\"position\":2,\"name\":\"Kontakt\"}]},{\"@type\":\"WebSite\",\"@id\":\"https:\/\/andresroth.ch\/#website\",\"url\":\"https:\/\/andresroth.ch\/\",\"name\":\"Andres Roth Holzbau\",\"description\":\"Grindelwald\",\"publisher\":{\"@id\":\"https:\/\/andresroth.ch\/#organization\"},\"potentialAction\":[{\"@type\":\"SearchAction\",\"target\":{\"@type\":\"EntryPoint\",\"urlTemplate\":\"https:\/\/andresroth.ch\/?s={search_term_string}\"},\"query-input\":{\"@type\":\"PropertyValueSpecification\",\"valueRequired\":true,\"valueName\":\"search_term_string\"}}],\"inLanguage\":\"de\"},{\"@type\":\"Organization\",\"@id\":\"https:\/\/andresroth.ch\/#organization\",\"name\":\"Andres Roth Holzbau\",\"url\":\"https:\/\/andresroth.ch\/\",\"logo\":{\"@type\":\"ImageObject\",\"inLanguage\":\"de\",\"@id\":\"https:\/\/andresroth.ch\/#\/schema\/logo\/image\/\",\"url\":\"https:\/\/andresroth.ch\/wp-content\/uploads\/2019\/04\/Andres_Roth_Holzbau_Grindelwald_Logo_Header2.png\",\"contentUrl\":\"https:\/\/andresroth.ch\/wp-content\/uploads\/2019\/04\/Andres_Roth_Holzbau_Grindelwald_Logo_Header2.png\",\"width\":417,\"height\":313,\"caption\":\"Andres Roth Holzbau\"},\"image\":{\"@id\":\"https:\/\/andresroth.ch\/#\/schema\/logo\/image\/\"}}]}<\/script>\n<!-- \/ Yoast SEO plugin. -->","yoast_head_json":{"title":"Kontakt - Andres Roth Holzbau","description":"Unser kleiner Familienbetrieb aus Grindelwald ist es gewohnt und bestens darauf vorbereitet, Ihre W\u00fcnsche zu realisieren.Individuelle L\u00f6sungen sind unsere Spezialit\u00e4t! Wir freuen uns, Ihren ganz speziellen Auftrag auszuf\u00fchren und sichern Ihnen unser Knowhow und ganz viel Herzblut mit dazu\u2026","robots":{"index":"index","follow":"follow","max-snippet":"max-snippet:-1","max-image-preview":"max-image-preview:large","max-video-preview":"max-video-preview:-1"},"canonical":"https:\/\/andresroth.ch\/index.php\/kontakt\/","og_locale":"de_DE","og_type":"article","og_title":"Kontakt - Andres Roth Holzbau","og_description":"Unser kleiner Familienbetrieb aus Grindelwald ist es gewohnt und bestens darauf vorbereitet, Ihre W\u00fcnsche zu realisieren.Individuelle L\u00f6sungen sind unsere Spezialit\u00e4t! Wir freuen uns, Ihren ganz speziellen Auftrag auszuf\u00fchren und sichern Ihnen unser Knowhow und ganz viel Herzblut mit dazu\u2026","og_url":"https:\/\/andresroth.ch\/index.php\/kontakt\/","og_site_name":"Andres Roth Holzbau","article_modified_time":"2023-08-25T08:56:56+00:00","twitter_card":"summary_large_image","twitter_misc":{"Gesch\u00e4tzte Lesezeit":"1\u00a0Minute"},"schema":{"@context":"https:\/\/schema.org","@graph":[{"@type":"WebPage","@id":"https:\/\/andresroth.ch\/index.php\/kontakt\/","url":"https:\/\/andresroth.ch\/index.php\/kontakt\/","name":"Kontakt - Andres Roth Holzbau","isPartOf":{"@id":"https:\/\/andresroth.ch\/#website"},"datePublished":"2019-04-26T06:17:02+00:00","dateModified":"2023-08-25T08:56:56+00:00","description":"Unser kleiner Familienbetrieb aus Grindelwald ist es gewohnt und bestens darauf vorbereitet, Ihre W\u00fcnsche zu realisieren.Individuelle L\u00f6sungen sind unsere Spezialit\u00e4t! Wir freuen uns, Ihren ganz speziellen Auftrag auszuf\u00fchren und sichern Ihnen unser Knowhow und ganz viel Herzblut mit dazu\u2026","breadcrumb":{"@id":"https:\/\/andresroth.ch\/index.php\/kontakt\/#breadcrumb"},"inLanguage":"de","potentialAction":[{"@type":"ReadAction","target":["https:\/\/andresroth.ch\/index.php\/kontakt\/"]}]},{"@type":"BreadcrumbList","@id":"https:\/\/andresroth.ch\/index.php\/kontakt\/#breadcrumb","itemListElement":[{"@type":"ListItem","position":1,"name":"Startseite","item":"https:\/\/andresroth.ch\/"},{"@type":"ListItem","position":2,"name":"Kontakt"}]},{"@type":"WebSite","@id":"https:\/\/andresroth.ch\/#website","url":"https:\/\/andresroth.ch\/","name":"Andres Roth Holzbau","description":"Grindelwald","publisher":{"@id":"https:\/\/andresroth.ch\/#organization"},"potentialAction":[{"@type":"SearchAction","target":{"@type":"EntryPoint","urlTemplate":"https:\/\/andresroth.ch\/?s={search_term_string}"},"query-input":{"@type":"PropertyValueSpecification","valueRequired":true,"valueName":"search_term_string"}}],"inLanguage":"de"},{"@type":"Organization","@id":"https:\/\/andresroth.ch\/#organization","name":"Andres Roth Holzbau","url":"https:\/\/andresroth.ch\/","logo":{"@type":"ImageObject","inLanguage":"de","@id":"https:\/\/andresroth.ch\/#\/schema\/logo\/image\/","url":"https:\/\/andresroth.ch\/wp-content\/uploads\/2019\/04\/Andres_Roth_Holzbau_Grindelwald_Logo_Header2.png","contentUrl":"https:\/\/andresroth.ch\/wp-content\/uploads\/2019\/04\/Andres_Roth_Holzbau_Grindelwald_Logo_Header2.png","width":417,"height":313,"caption":"Andres Roth Holzbau"},"image":{"@id":"https:\/\/andresroth.ch\/#\/schema\/logo\/image\/"}}]}},"_links":{"self":[{"href":"https:\/\/andresroth.ch\/index.php\/wp-json\/wp\/v2\/pages\/27","targetHints":{"allow":["GET"]}}],"collection":[{"href":"https:\/\/andresroth.ch\/index.php\/wp-json\/wp\/v2\/pages"}],"about":[{"href":"https:\/\/andresroth.ch\/index.php\/wp-json\/wp\/v2\/types\/page"}],"author":[{"embeddable":true,"href":"https:\/\/andresroth.ch\/index.php\/wp-json\/wp\/v2\/users\/1"}],"replies":[{"embeddable":true,"href":"https:\/\/andresroth.ch\/index.php\/wp-json\/wp\/v2\/comments?post=27"}],"version-history":[{"count":23,"href":"https:\/\/andresroth.ch\/index.php\/wp-json\/wp\/v2\/pages\/27\/revisions"}],"predecessor-version":[{"id":229,"href":"https:\/\/andresroth.ch\/index.php\/wp-json\/wp\/v2\/pages\/27\/revisions\/229"}],"wp:attachment":[{"href":"https:\/\/andresroth.ch\/index.php\/wp-json\/wp\/v2\/media?parent=27"}],"curies":[{"name":"wp","href":"https:\/\/api.w.org\/{rel}","templated":true}]}}