{"id":13,"date":"2019-04-26T06:13:05","date_gmt":"2019-04-26T06:13:05","guid":{"rendered":"http:\/\/andresro.cyon.link\/?page_id=13"},"modified":"2019-05-13T07:50:45","modified_gmt":"2019-05-13T07:50:45","slug":"innenausbau","status":"publish","type":"page","link":"https:\/\/andresroth.ch\/index.php\/innenausbau\/","title":{"rendered":"Innenausbau"},"content":{"rendered":"<div class=\"wpb-content-wrapper\"><p>[vc_row row_type=&#8220;parallax&#8220; parallax_content_width=&#8220;full_width&#8220; text_align=&#8220;left&#8220; full_screen_section_height=&#8220;no&#8220; background_image=&#8220;162&#8243;][vc_column][vc_empty_space height=&#8220;300px&#8220;][\/vc_column][\/vc_row][vc_row css_animation=&#8220;&#8220; row_type=&#8220;row&#8220; use_row_as_full_screen_section=&#8220;no&#8220; type=&#8220;full_width&#8220; angled_section=&#8220;no&#8220; text_align=&#8220;left&#8220; background_image_as_pattern=&#8220;without_pattern&#8220;][vc_column][vc_empty_space height=&#8220;64px&#8220;][vc_column_text]<\/p>\n<h2 style=\"text-align: center;\"><strong>Innenausbau<\/strong><\/h2>\n<p>[\/vc_column_text][\/vc_column][\/vc_row][vc_row css_animation=&#8220;&#8220; row_type=&#8220;row&#8220; use_row_as_full_screen_section=&#8220;no&#8220; type=&#8220;full_width&#8220; angled_section=&#8220;no&#8220; text_align=&#8220;left&#8220; background_image_as_pattern=&#8220;without_pattern&#8220; z_index=&#8220;&#8220;][vc_column][vc_separator css_animation=&#8220;fadeIn&#8220; type=&#8220;small&#8220; position=&#8220;center&#8220; color=&#8220;#89745a&#8220; thickness=&#8220;0.5px&#8220;][\/vc_column][\/vc_row][vc_row css_animation=&#8220;&#8220; row_type=&#8220;row&#8220; use_row_as_full_screen_section=&#8220;no&#8220; type=&#8220;full_width&#8220; angled_section=&#8220;no&#8220; text_align=&#8220;left&#8220; background_image_as_pattern=&#8220;without_pattern&#8220;][vc_column width=&#8220;1\/4&#8243;][\/vc_column][vc_column width=&#8220;1\/2&#8243;][vc_empty_space][vc_column_text]<\/p>\n<h4 style=\"text-align: center;\">Holz isch heimelig..<\/h4>\n<p>[\/vc_column_text][vc_empty_space height=&#8220;16px&#8220;][vc_column_text]Die behagliche W\u00e4rme welche Holz ausstrahlt, l\u00e4sst sich durch nichts ersetzen. Der perfekte Werkstoff f\u00fcr Wohnr\u00e4ume. Besonders augenf\u00e4llig wird es, wenn Alt und Neu ineinander verschmelzen. Hier sind individuelle L\u00f6sungen gefragt und das ist genau unser Ding&#8230;[\/vc_column_text][vc_empty_space][\/vc_column][vc_column width=&#8220;1\/4&#8243;][\/vc_column][\/vc_row][vc_row css_animation=&#8220;&#8220; row_type=&#8220;row&#8220; use_row_as_full_screen_section=&#8220;no&#8220; type=&#8220;full_width&#8220; angled_section=&#8220;no&#8220; text_align=&#8220;left&#8220; background_image_as_pattern=&#8220;without_pattern&#8220;][vc_column width=&#8220;1\/2&#8243;][vc_single_image image=&#8220;161&#8243; img_size=&#8220;full&#8220; alignment=&#8220;right&#8220; qode_css_animation=&#8220;&#8220;][\/vc_column][vc_column width=&#8220;1\/2&#8243;][vc_single_image image=&#8220;160&#8243; img_size=&#8220;full&#8220; qode_css_animation=&#8220;&#8220;][\/vc_column][\/vc_row][vc_row css_animation=&#8220;&#8220; row_type=&#8220;row&#8220; use_row_as_full_screen_section=&#8220;no&#8220; type=&#8220;full_width&#8220; angled_section=&#8220;no&#8220; text_align=&#8220;left&#8220; background_image_as_pattern=&#8220;without_pattern&#8220;][vc_column][vc_empty_space][\/vc_column][\/vc_row][vc_row css_animation=&#8220;&#8220; row_type=&#8220;row&#8220; use_row_as_full_screen_section=&#8220;no&#8220; type=&#8220;full_width&#8220; angled_section=&#8220;no&#8220; text_align=&#8220;left&#8220; background_image_as_pattern=&#8220;without_pattern&#8220;][vc_column width=&#8220;1\/2&#8243;][vc_single_image image=&#8220;164&#8243; img_size=&#8220;full&#8220; alignment=&#8220;right&#8220; qode_css_animation=&#8220;&#8220;][\/vc_column][vc_column width=&#8220;1\/2&#8243;][vc_single_image image=&#8220;163&#8243; img_size=&#8220;full&#8220; qode_css_animation=&#8220;&#8220;][\/vc_column][\/vc_row][vc_row css_animation=&#8220;&#8220; row_type=&#8220;row&#8220; use_row_as_full_screen_section=&#8220;no&#8220; type=&#8220;full_width&#8220; angled_section=&#8220;no&#8220; text_align=&#8220;left&#8220; background_image_as_pattern=&#8220;without_pattern&#8220;][vc_column][vc_empty_space height=&#8220;64px&#8220;][\/vc_column][\/vc_row]<\/p>\n<\/div>","protected":false},"excerpt":{"rendered":"<p>[vc_row row_type=&#8220;parallax&#8220; parallax_content_width=&#8220;full_width&#8220; text_align=&#8220;left&#8220; full_screen_section_height=&#8220;no&#8220; background_image=&#8220;162&#8243;][vc_column][vc_empty_space height=&#8220;300px&#8220;][\/vc_column][\/vc_row][vc_row css_animation=&#8220;&#8220; row_type=&#8220;row&#8220; use_row_as_full_screen_section=&#8220;no&#8220; type=&#8220;full_width&#8220; angled_section=&#8220;no&#8220; text_align=&#8220;left&#8220; background_image_as_pattern=&#8220;without_pattern&#8220;][vc_column][vc_empty_space height=&#8220;64px&#8220;][vc_column_text] Innenausbau [\/vc_column_text][\/vc_column][\/vc_row][vc_row css_animation=&#8220;&#8220; row_type=&#8220;row&#8220; use_row_as_full_screen_section=&#8220;no&#8220; type=&#8220;full_width&#8220; angled_section=&#8220;no&#8220; text_align=&#8220;left&#8220; background_image_as_pattern=&#8220;without_pattern&#8220; z_index=&#8220;&#8220;][vc_column][vc_separator css_animation=&#8220;fadeIn&#8220; type=&#8220;small&#8220; position=&#8220;center&#8220; color=&#8220;#89745a&#8220; thickness=&#8220;0.5px&#8220;][\/vc_column][\/vc_row][vc_row css_animation=&#8220;&#8220; row_type=&#8220;row&#8220; use_row_as_full_screen_section=&#8220;no&#8220; type=&#8220;full_width&#8220; angled_section=&#8220;no&#8220; text_align=&#8220;left&#8220; background_image_as_pattern=&#8220;without_pattern&#8220;][vc_column width=&#8220;1\/4&#8243;][\/vc_column][vc_column width=&#8220;1\/2&#8243;][vc_empty_space][vc_column_text] Holz isch heimelig.. [\/vc_column_text][vc_empty_space height=&#8220;16px&#8220;][vc_column_text]Die behagliche&#8230;<\/p>\n","protected":false},"author":1,"featured_media":0,"parent":0,"menu_order":0,"comment_status":"closed","ping_status":"closed","template":"full_width.php","meta":{"footnotes":""},"class_list":["post-13","page","type-page","status-publish","hentry"],"yoast_head":"<!-- This site is optimized with the Yoast SEO plugin v26.8 - https:\/\/yoast.com\/product\/yoast-seo-wordpress\/ -->\n<title>Innenausbau - Andres Roth Holzbau<\/title>\n<meta name=\"description\" content=\"Die behagliche W\u00e4rme welche Holz ausstrahlt, l\u00e4sst sich durch nichts ersetzen. Der perfekte Werkstoff f\u00fcr Wohnr\u00e4ume. Besonders augenf\u00e4llig wird es, wenn Alt und Neu ineinander verschmelzen. Hier sind individuelle L\u00f6sungen gefragt und das ist genau unser Ding...\" \/>\n<meta name=\"robots\" content=\"index, follow, max-snippet:-1, max-image-preview:large, max-video-preview:-1\" \/>\n<link rel=\"canonical\" href=\"https:\/\/andresroth.ch\/index.php\/innenausbau\/\" \/>\n<meta property=\"og:locale\" content=\"de_DE\" \/>\n<meta property=\"og:type\" content=\"article\" \/>\n<meta property=\"og:title\" content=\"Innenausbau - Andres Roth Holzbau\" \/>\n<meta property=\"og:description\" content=\"Die behagliche W\u00e4rme welche Holz ausstrahlt, l\u00e4sst sich durch nichts ersetzen. Der perfekte Werkstoff f\u00fcr Wohnr\u00e4ume. Besonders augenf\u00e4llig wird es, wenn Alt und Neu ineinander verschmelzen. Hier sind individuelle L\u00f6sungen gefragt und das ist genau unser Ding...\" \/>\n<meta property=\"og:url\" content=\"https:\/\/andresroth.ch\/index.php\/innenausbau\/\" \/>\n<meta property=\"og:site_name\" content=\"Andres Roth Holzbau\" \/>\n<meta property=\"article:modified_time\" content=\"2019-05-13T07:50:45+00:00\" \/>\n<meta name=\"twitter:card\" content=\"summary_large_image\" \/>\n<meta name=\"twitter:label1\" content=\"Gesch\u00e4tzte Lesezeit\" \/>\n\t<meta name=\"twitter:data1\" content=\"2\u00a0Minuten\" \/>\n<script type=\"application\/ld+json\" class=\"yoast-schema-graph\">{\"@context\":\"https:\/\/schema.org\",\"@graph\":[{\"@type\":\"WebPage\",\"@id\":\"https:\/\/andresroth.ch\/index.php\/innenausbau\/\",\"url\":\"https:\/\/andresroth.ch\/index.php\/innenausbau\/\",\"name\":\"Innenausbau - Andres Roth Holzbau\",\"isPartOf\":{\"@id\":\"https:\/\/andresroth.ch\/#website\"},\"datePublished\":\"2019-04-26T06:13:05+00:00\",\"dateModified\":\"2019-05-13T07:50:45+00:00\",\"description\":\"Die behagliche W\u00e4rme welche Holz ausstrahlt, l\u00e4sst sich durch nichts ersetzen. Der perfekte Werkstoff f\u00fcr Wohnr\u00e4ume. Besonders augenf\u00e4llig wird es, wenn Alt und Neu ineinander verschmelzen. Hier sind individuelle L\u00f6sungen gefragt und das ist genau unser Ding...\",\"breadcrumb\":{\"@id\":\"https:\/\/andresroth.ch\/index.php\/innenausbau\/#breadcrumb\"},\"inLanguage\":\"de\",\"potentialAction\":[{\"@type\":\"ReadAction\",\"target\":[\"https:\/\/andresroth.ch\/index.php\/innenausbau\/\"]}]},{\"@type\":\"BreadcrumbList\",\"@id\":\"https:\/\/andresroth.ch\/index.php\/innenausbau\/#breadcrumb\",\"itemListElement\":[{\"@type\":\"ListItem\",\"position\":1,\"name\":\"Startseite\",\"item\":\"https:\/\/andresroth.ch\/\"},{\"@type\":\"ListItem\",\"position\":2,\"name\":\"Innenausbau\"}]},{\"@type\":\"WebSite\",\"@id\":\"https:\/\/andresroth.ch\/#website\",\"url\":\"https:\/\/andresroth.ch\/\",\"name\":\"Andres Roth Holzbau\",\"description\":\"Grindelwald\",\"publisher\":{\"@id\":\"https:\/\/andresroth.ch\/#organization\"},\"potentialAction\":[{\"@type\":\"SearchAction\",\"target\":{\"@type\":\"EntryPoint\",\"urlTemplate\":\"https:\/\/andresroth.ch\/?s={search_term_string}\"},\"query-input\":{\"@type\":\"PropertyValueSpecification\",\"valueRequired\":true,\"valueName\":\"search_term_string\"}}],\"inLanguage\":\"de\"},{\"@type\":\"Organization\",\"@id\":\"https:\/\/andresroth.ch\/#organization\",\"name\":\"Andres Roth Holzbau\",\"url\":\"https:\/\/andresroth.ch\/\",\"logo\":{\"@type\":\"ImageObject\",\"inLanguage\":\"de\",\"@id\":\"https:\/\/andresroth.ch\/#\/schema\/logo\/image\/\",\"url\":\"https:\/\/andresroth.ch\/wp-content\/uploads\/2019\/04\/Andres_Roth_Holzbau_Grindelwald_Logo_Header2.png\",\"contentUrl\":\"https:\/\/andresroth.ch\/wp-content\/uploads\/2019\/04\/Andres_Roth_Holzbau_Grindelwald_Logo_Header2.png\",\"width\":417,\"height\":313,\"caption\":\"Andres Roth Holzbau\"},\"image\":{\"@id\":\"https:\/\/andresroth.ch\/#\/schema\/logo\/image\/\"}}]}<\/script>\n<!-- \/ Yoast SEO plugin. -->","yoast_head_json":{"title":"Innenausbau - Andres Roth Holzbau","description":"Die behagliche W\u00e4rme welche Holz ausstrahlt, l\u00e4sst sich durch nichts ersetzen. Der perfekte Werkstoff f\u00fcr Wohnr\u00e4ume. Besonders augenf\u00e4llig wird es, wenn Alt und Neu ineinander verschmelzen. Hier sind individuelle L\u00f6sungen gefragt und das ist genau unser Ding...","robots":{"index":"index","follow":"follow","max-snippet":"max-snippet:-1","max-image-preview":"max-image-preview:large","max-video-preview":"max-video-preview:-1"},"canonical":"https:\/\/andresroth.ch\/index.php\/innenausbau\/","og_locale":"de_DE","og_type":"article","og_title":"Innenausbau - Andres Roth Holzbau","og_description":"Die behagliche W\u00e4rme welche Holz ausstrahlt, l\u00e4sst sich durch nichts ersetzen. Der perfekte Werkstoff f\u00fcr Wohnr\u00e4ume. Besonders augenf\u00e4llig wird es, wenn Alt und Neu ineinander verschmelzen. Hier sind individuelle L\u00f6sungen gefragt und das ist genau unser Ding...","og_url":"https:\/\/andresroth.ch\/index.php\/innenausbau\/","og_site_name":"Andres Roth Holzbau","article_modified_time":"2019-05-13T07:50:45+00:00","twitter_card":"summary_large_image","twitter_misc":{"Gesch\u00e4tzte Lesezeit":"2\u00a0Minuten"},"schema":{"@context":"https:\/\/schema.org","@graph":[{"@type":"WebPage","@id":"https:\/\/andresroth.ch\/index.php\/innenausbau\/","url":"https:\/\/andresroth.ch\/index.php\/innenausbau\/","name":"Innenausbau - Andres Roth Holzbau","isPartOf":{"@id":"https:\/\/andresroth.ch\/#website"},"datePublished":"2019-04-26T06:13:05+00:00","dateModified":"2019-05-13T07:50:45+00:00","description":"Die behagliche W\u00e4rme welche Holz ausstrahlt, l\u00e4sst sich durch nichts ersetzen. Der perfekte Werkstoff f\u00fcr Wohnr\u00e4ume. Besonders augenf\u00e4llig wird es, wenn Alt und Neu ineinander verschmelzen. Hier sind individuelle L\u00f6sungen gefragt und das ist genau unser Ding...","breadcrumb":{"@id":"https:\/\/andresroth.ch\/index.php\/innenausbau\/#breadcrumb"},"inLanguage":"de","potentialAction":[{"@type":"ReadAction","target":["https:\/\/andresroth.ch\/index.php\/innenausbau\/"]}]},{"@type":"BreadcrumbList","@id":"https:\/\/andresroth.ch\/index.php\/innenausbau\/#breadcrumb","itemListElement":[{"@type":"ListItem","position":1,"name":"Startseite","item":"https:\/\/andresroth.ch\/"},{"@type":"ListItem","position":2,"name":"Innenausbau"}]},{"@type":"WebSite","@id":"https:\/\/andresroth.ch\/#website","url":"https:\/\/andresroth.ch\/","name":"Andres Roth Holzbau","description":"Grindelwald","publisher":{"@id":"https:\/\/andresroth.ch\/#organization"},"potentialAction":[{"@type":"SearchAction","target":{"@type":"EntryPoint","urlTemplate":"https:\/\/andresroth.ch\/?s={search_term_string}"},"query-input":{"@type":"PropertyValueSpecification","valueRequired":true,"valueName":"search_term_string"}}],"inLanguage":"de"},{"@type":"Organization","@id":"https:\/\/andresroth.ch\/#organization","name":"Andres Roth Holzbau","url":"https:\/\/andresroth.ch\/","logo":{"@type":"ImageObject","inLanguage":"de","@id":"https:\/\/andresroth.ch\/#\/schema\/logo\/image\/","url":"https:\/\/andresroth.ch\/wp-content\/uploads\/2019\/04\/Andres_Roth_Holzbau_Grindelwald_Logo_Header2.png","contentUrl":"https:\/\/andresroth.ch\/wp-content\/uploads\/2019\/04\/Andres_Roth_Holzbau_Grindelwald_Logo_Header2.png","width":417,"height":313,"caption":"Andres Roth Holzbau"},"image":{"@id":"https:\/\/andresroth.ch\/#\/schema\/logo\/image\/"}}]}},"_links":{"self":[{"href":"https:\/\/andresroth.ch\/index.php\/wp-json\/wp\/v2\/pages\/13","targetHints":{"allow":["GET"]}}],"collection":[{"href":"https:\/\/andresroth.ch\/index.php\/wp-json\/wp\/v2\/pages"}],"about":[{"href":"https:\/\/andresroth.ch\/index.php\/wp-json\/wp\/v2\/types\/page"}],"author":[{"embeddable":true,"href":"https:\/\/andresroth.ch\/index.php\/wp-json\/wp\/v2\/users\/1"}],"replies":[{"embeddable":true,"href":"https:\/\/andresroth.ch\/index.php\/wp-json\/wp\/v2\/comments?post=13"}],"version-history":[{"count":6,"href":"https:\/\/andresroth.ch\/index.php\/wp-json\/wp\/v2\/pages\/13\/revisions"}],"predecessor-version":[{"id":165,"href":"https:\/\/andresroth.ch\/index.php\/wp-json\/wp\/v2\/pages\/13\/revisions\/165"}],"wp:attachment":[{"href":"https:\/\/andresroth.ch\/index.php\/wp-json\/wp\/v2\/media?parent=13"}],"curies":[{"name":"wp","href":"https:\/\/api.w.org\/{rel}","templated":true}]}}